{"id":12829,"date":"2016-05-26T16:02:26","date_gmt":"2016-05-26T16:02:26","guid":{"rendered":"https:\/\/www.hotelsantroc.info\/avis-legal-2\/"},"modified":"2022-09-27T09:26:20","modified_gmt":"2022-09-27T09:26:20","slug":"avis-legal-2","status":"publish","type":"page","link":"https:\/\/www.hotelsantroc.info\/fr\/avis-legal-2\/","title":{"rendered":"Avis l\u00e9gal"},"content":{"rendered":"<p><strong><span id=\"result_box\" class=\"short_text\" lang=\"fr\"><span class=\"alt-edited\">Avis l\u00e9gal<\/span><\/span><\/strong><\/p>\n<p><strong>Propietat de la p\u00e0gina i el contingut<\/strong><\/p>\n<p>Est\u00e0s visitant www.hotelsantroc.info, titularitat de Ramon Dorca Blanco de Alba, amb domicili social a Camprodon, Pla\u00e7a del Carme, 4, amb N.I.F. 40602381K, inscrita al Registre Mercantil de Catalunya i registrada a \u00ab\u00a0Turisme de Catalunya\u00a0\u00bb amb el n\u00ba: HG-001503.<\/p>\n<p>Per contactar amb nosaltres pot dirigir-se a la seg\u00fcent adre\u00e7a de correu electr\u00f2nic info@hotelsantroc.info aix\u00ed com al tel\u00e8fon +34 972 740119<\/p>\n<p>En aquesta web podr\u00e0 trobar fotografies de l&rsquo;Hotel Sant Roc, aix\u00ed com not\u00edcies relatives a aquest, i informaci\u00f3 sobre les seves instal\u00b7lacions, ofertes d&rsquo;allotjament i altres serveis de l&rsquo;Hotel. Aix\u00ed mateix, a trav\u00e9s d&rsquo;aquesta web vost\u00e8 podr\u00e0 sol\u00b7licitar reserves al nostre establiment i \/ o restaurants i \/ o salons completant i enviant-nos un formulari.<\/p>\n<p><strong>Exoneraci\u00f3 de responsabilitat<\/strong><\/p>\n<p>La utilitzaci\u00f3 de la present web implica l&rsquo;acceptaci\u00f3 dels extrems expressats en el present Av\u00eds Legal. En el sup\u00f2sit de realitzar alguna contractaci\u00f3 electr\u00f2nica a trav\u00e9s de la present web, Hotel Sant Roc, es compromet a facilitar-li la informaci\u00f3 necess\u00e0ria d&rsquo;acord amb la legislaci\u00f3 espanyola en mat\u00e8ria de contractaci\u00f3 electr\u00f2nica i protecci\u00f3 del consumidor. Concretament, vost\u00e8 tindr\u00e0 a la seva disposici\u00f3 les condicions generals de contractaci\u00f3 per a la seva lectura i acceptaci\u00f3 abans de fer qualsevol contractaci\u00f3 electr\u00f2nica amb l&#8217;empresa titular de l&rsquo;establiment. Aix\u00ed mateix, en el sup\u00f2sit d&rsquo;acceptar les esmentades condicions generals de contractaci\u00f3, s&rsquo;entendr\u00e0 que vost\u00e8 ent\u00e9n i accepta el contingut de les mateixes.<\/p>\n<p>Hotel Sant Roc s&rsquo;exonera de responsabilitat per qualsevol desactualitzaci\u00f3 que pogu\u00e9s produir-se en relaci\u00f3 amb les dades que apareixen a la web, especialment pel que fa a les places disponibles i dels preus dels serveis que s&rsquo;ofereixen.<\/p>\n<p>Aix\u00ed mateix Hotel Sant Roc no es fa responsable de la transmissi\u00f3 de qualsevol virus o perjudici en el seu equip que pugui produir-se arran de l&rsquo;acc\u00e9s a la present web.<\/p>\n<p>Hotel Sant Roc no tindr\u00e0 cap responsabilitat pels continguts d&rsquo;altres Webs que no siguin de la seva titularitat a les que es pugui accedir a trav\u00e9s d&rsquo;un link des www.hotelsantroc.info, en no tenir la possibilitat de supervisar la legalitat dels continguts de les mateixes.<\/p>\n<p><strong>Propietat intel\u00b7lectual<\/strong><\/p>\n<p>Els drets de propietat intel\u00b7lectual sobre les obres contingudes en www.hotelsantroc.info corresponen en exclusiva a Hotel Sant Roc llevat que en les mateixes s&rsquo;indiqui titularitat diferent. La reproducci\u00f3, distribuci\u00f3, comercialitzaci\u00f3 o transformaci\u00f3 no autoritzades d&rsquo;aquestes obres constitueix una infracci\u00f3 dels drets de propietat intel\u00b7lectual de Hotel Sant Roc o del titular dels mateixos, i podr\u00e0 donar lloc a l&rsquo;exercici de totes les accions judicials o extrajudicials els poguessin correspondre en l&rsquo;exercici dels seus drets.<\/p>\n<p>Aix\u00ed mateix, la informaci\u00f3 a la qual l&rsquo;usuari pot accedir a trav\u00e9s d&rsquo;aquesta web, pot estar protegida per drets de propietat industrial, intel\u00b7lectual o d&rsquo;una altra \u00edndole. Hotel Sant Roc no ser\u00e0 responsable en cap cas i sota cap concepte de les infraccions d&rsquo;aquests drets que pugui cometre com a usuari.<\/p>\n<p><strong>Llei aplicable i jurisdicci\u00f3<\/strong><\/p>\n<p>La llei aplicable a les presents Condicions Generals ser\u00e0 la Llei Espanyola. Aix\u00ed mateix, per a qualsevol diverg\u00e8ncia sorgida entre ambdues parts se sotmeten expressament als Jutjats i Tribunals de la ciutat de Girona amb ren\u00fancia al seu propi fur si aquest fos un altre.<\/p>\n<p>Cl\u00e0usula en mat\u00e8ria de Protecci\u00f3 de Dades i Seguretat inform\u00e0tica<\/p>\n<p>Les dades de car\u00e0cter personal que faciliti a Hotel Sant Roc a trav\u00e9s del web www.hotelsantroc.info es tractaran en fitxers titularitat de l&rsquo;Hotel Sant Roc amb la finalitat de prestar-li el servei per al qual facilita les seves dades, aix\u00ed com de remetre-li informaci\u00f3 comercial personalitzada sobre productes i serveis de l&rsquo;Hotel.<\/p>\n<p>Aix\u00ed mateix, en el cas que vost\u00e8 ho hagi consentit expressament en els formularis a trav\u00e9s dels quals ens pot facilitar les seves dades personals, les seves dades podran ser utilitzades amb la finalitat de remetre-li informaci\u00f3 comercial personalitzada sobre productes i serveis de l&rsquo;establiment.<\/p>\n<p>D&rsquo;acord amb la llei org\u00e0nica establerta al desembre 1999, de protecci\u00f3 de dades de car\u00e0cter personal (LOPDC), L\u2019Hotel Sant Roc, empresa propiet\u00e0ria de www.hotelsantroc.info ha procedit a la creaci\u00f3 d&rsquo;un fitxer automatitzat de car\u00e0cter personal, en el qual es recolliran aquelles dades que siguin necess\u00e0ries per a gestionar les reserves d&rsquo;estades a l&rsquo;hotel i \/ o oferir la informaci\u00f3 sol\u00b7licitada pels usuaris i clients, aix\u00ed com d&rsquo;informaci\u00f3 i promocions referents a l\u2019hotel.<\/p>\n<p>Garantim l&rsquo;adopci\u00f3 de mesures oportunes a fi d&rsquo;assegurar l&rsquo;\u00fas exclusiu i confidencial d&rsquo;aquestes dades, les quals podran ser modificades o cancel\u00b7lades pel seu titular, enviant un e-mail al seg\u00fcent direcci\u00f3: info@hotelsantroc.info<\/p>\n<p>Els errors formals o num\u00e8rics que puguin produir-se com a conseq\u00fc\u00e8ncia del manteniment i \/ o actualitzaci\u00f3 incompleta o defectuosa en els continguts de diferents p\u00e0gines o seccions de la web de l\u2019Hotel Sant Roc, no seran considerats com publicitat enganyosa i seran corregits tan aviat com tinguem coneixement dels mateixos.<\/p>\n","protected":false},"excerpt":{"rendered":"<p>Avis l\u00e9gal Propietat de la p\u00e0gina i el contingut Est\u00e0s visitant www.hotelsantroc.info, titularitat de Ramon Dorca Blanco de Alba, amb domicili social a Camprodon, Pla\u00e7a del Carme, 4, amb N.I.F. 40602381K, inscrita al Registre Mercantil de Catalunya i registrada a \u00ab\u00a0Turisme de Catalunya\u00a0\u00bb amb el n\u00ba: HG-001503. Per contactar amb nosaltres pot dirigir-se a la  [&#8230;]<\/p>\n","protected":false},"author":4,"featured_media":0,"parent":0,"menu_order":0,"comment_status":"open","ping_status":"closed","template":"","meta":{"footnotes":""},"class_list":["post-12829","page","type-page","status-publish","hentry"],"yoast_head":"<!-- This site is optimized with the Yoast SEO plugin v27.3 - https:\/\/yoast.com\/product\/yoast-seo-wordpress\/ -->\n<title>Avis l\u00e9gal - Hotel Sant Roc de Camprodon<\/title>\n<meta name=\"robots\" content=\"index, follow, max-snippet:-1, max-image-preview:large, max-video-preview:-1\" \/>\n<link rel=\"canonical\" href=\"https:\/\/www.hotelsantroc.info\/avis-legal-2\/\" \/>\n<meta property=\"og:locale\" content=\"fr_FR\" \/>\n<meta property=\"og:type\" content=\"article\" \/>\n<meta property=\"og:title\" content=\"Avis l\u00e9gal - Hotel Sant Roc de Camprodon\" \/>\n<meta property=\"og:description\" content=\"Avis l\u00e9gal Propietat de la p\u00e0gina i el contingut Est\u00e0s visitant www.hotelsantroc.info, titularitat de Ramon Dorca Blanco de Alba, amb domicili social a Camprodon, Pla\u00e7a del Carme, 4, amb N.I.F. 40602381K, inscrita al Registre Mercantil de Catalunya i registrada a \u00ab\u00a0Turisme de Catalunya\u00a0\u00bb amb el n\u00ba: HG-001503. Per contactar amb nosaltres pot dirigir-se a la [...]\" \/>\n<meta property=\"og:url\" content=\"https:\/\/www.hotelsantroc.info\/avis-legal-2\/\" \/>\n<meta property=\"og:site_name\" content=\"Hotel Sant Roc de Camprodon\" \/>\n<meta property=\"article:modified_time\" content=\"2022-09-27T09:26:20+00:00\" \/>\n<meta name=\"twitter:card\" content=\"summary_large_image\" \/>\n<meta name=\"twitter:label1\" content=\"Dur\u00e9e de lecture estim\u00e9e\" \/>\n\t<meta name=\"twitter:data1\" content=\"4 minutes\" \/>\n<script type=\"application\/ld+json\" class=\"yoast-schema-graph\">{\"@context\":\"https:\\\/\\\/schema.org\",\"@graph\":[{\"@type\":\"WebPage\",\"@id\":\"https:\\\/\\\/www.hotelsantroc.info\\\/avis-legal-2\\\/\",\"url\":\"https:\\\/\\\/www.hotelsantroc.info\\\/avis-legal-2\\\/\",\"name\":\"Avis l\u00e9gal - Hotel Sant Roc de Camprodon\",\"isPartOf\":{\"@id\":\"https:\\\/\\\/www.hotelsantroc.info\\\/#website\"},\"datePublished\":\"2016-05-26T16:02:26+00:00\",\"dateModified\":\"2022-09-27T09:26:20+00:00\",\"breadcrumb\":{\"@id\":\"https:\\\/\\\/www.hotelsantroc.info\\\/avis-legal-2\\\/#breadcrumb\"},\"inLanguage\":\"fr-FR\",\"potentialAction\":[{\"@type\":\"ReadAction\",\"target\":[\"https:\\\/\\\/www.hotelsantroc.info\\\/avis-legal-2\\\/\"]}]},{\"@type\":\"BreadcrumbList\",\"@id\":\"https:\\\/\\\/www.hotelsantroc.info\\\/avis-legal-2\\\/#breadcrumb\",\"itemListElement\":[{\"@type\":\"ListItem\",\"position\":1,\"name\":\"Inici\",\"item\":\"https:\\\/\\\/www.hotelsantroc.info\\\/fr\\\/\"},{\"@type\":\"ListItem\",\"position\":2,\"name\":\"Avis l\u00e9gal\"}]},{\"@type\":\"WebSite\",\"@id\":\"https:\\\/\\\/www.hotelsantroc.info\\\/#website\",\"url\":\"https:\\\/\\\/www.hotelsantroc.info\\\/\",\"name\":\"Hotel Sant Roc de Camprodon\",\"description\":\"Hotel al centre de Camprodon\",\"potentialAction\":[{\"@type\":\"SearchAction\",\"target\":{\"@type\":\"EntryPoint\",\"urlTemplate\":\"https:\\\/\\\/www.hotelsantroc.info\\\/?s={search_term_string}\"},\"query-input\":{\"@type\":\"PropertyValueSpecification\",\"valueRequired\":true,\"valueName\":\"search_term_string\"}}],\"inLanguage\":\"fr-FR\"}]}<\/script>\n<!-- \/ Yoast SEO plugin. -->","yoast_head_json":{"title":"Avis l\u00e9gal - Hotel Sant Roc de Camprodon","robots":{"index":"index","follow":"follow","max-snippet":"max-snippet:-1","max-image-preview":"max-image-preview:large","max-video-preview":"max-video-preview:-1"},"canonical":"https:\/\/www.hotelsantroc.info\/avis-legal-2\/","og_locale":"fr_FR","og_type":"article","og_title":"Avis l\u00e9gal - Hotel Sant Roc de Camprodon","og_description":"Avis l\u00e9gal Propietat de la p\u00e0gina i el contingut Est\u00e0s visitant www.hotelsantroc.info, titularitat de Ramon Dorca Blanco de Alba, amb domicili social a Camprodon, Pla\u00e7a del Carme, 4, amb N.I.F. 40602381K, inscrita al Registre Mercantil de Catalunya i registrada a \u00ab\u00a0Turisme de Catalunya\u00a0\u00bb amb el n\u00ba: HG-001503. Per contactar amb nosaltres pot dirigir-se a la [...]","og_url":"https:\/\/www.hotelsantroc.info\/avis-legal-2\/","og_site_name":"Hotel Sant Roc de Camprodon","article_modified_time":"2022-09-27T09:26:20+00:00","twitter_card":"summary_large_image","twitter_misc":{"Dur\u00e9e de lecture estim\u00e9e":"4 minutes"},"schema":{"@context":"https:\/\/schema.org","@graph":[{"@type":"WebPage","@id":"https:\/\/www.hotelsantroc.info\/avis-legal-2\/","url":"https:\/\/www.hotelsantroc.info\/avis-legal-2\/","name":"Avis l\u00e9gal - Hotel Sant Roc de Camprodon","isPartOf":{"@id":"https:\/\/www.hotelsantroc.info\/#website"},"datePublished":"2016-05-26T16:02:26+00:00","dateModified":"2022-09-27T09:26:20+00:00","breadcrumb":{"@id":"https:\/\/www.hotelsantroc.info\/avis-legal-2\/#breadcrumb"},"inLanguage":"fr-FR","potentialAction":[{"@type":"ReadAction","target":["https:\/\/www.hotelsantroc.info\/avis-legal-2\/"]}]},{"@type":"BreadcrumbList","@id":"https:\/\/www.hotelsantroc.info\/avis-legal-2\/#breadcrumb","itemListElement":[{"@type":"ListItem","position":1,"name":"Inici","item":"https:\/\/www.hotelsantroc.info\/fr\/"},{"@type":"ListItem","position":2,"name":"Avis l\u00e9gal"}]},{"@type":"WebSite","@id":"https:\/\/www.hotelsantroc.info\/#website","url":"https:\/\/www.hotelsantroc.info\/","name":"Hotel Sant Roc de Camprodon","description":"Hotel al centre de Camprodon","potentialAction":[{"@type":"SearchAction","target":{"@type":"EntryPoint","urlTemplate":"https:\/\/www.hotelsantroc.info\/?s={search_term_string}"},"query-input":{"@type":"PropertyValueSpecification","valueRequired":true,"valueName":"search_term_string"}}],"inLanguage":"fr-FR"}]}},"_links":{"self":[{"href":"https:\/\/www.hotelsantroc.info\/fr\/wp-json\/wp\/v2\/pages\/12829","targetHints":{"allow":["GET"]}}],"collection":[{"href":"https:\/\/www.hotelsantroc.info\/fr\/wp-json\/wp\/v2\/pages"}],"about":[{"href":"https:\/\/www.hotelsantroc.info\/fr\/wp-json\/wp\/v2\/types\/page"}],"author":[{"embeddable":true,"href":"https:\/\/www.hotelsantroc.info\/fr\/wp-json\/wp\/v2\/users\/4"}],"replies":[{"embeddable":true,"href":"https:\/\/www.hotelsantroc.info\/fr\/wp-json\/wp\/v2\/comments?post=12829"}],"version-history":[{"count":1,"href":"https:\/\/www.hotelsantroc.info\/fr\/wp-json\/wp\/v2\/pages\/12829\/revisions"}],"predecessor-version":[{"id":12845,"href":"https:\/\/www.hotelsantroc.info\/fr\/wp-json\/wp\/v2\/pages\/12829\/revisions\/12845"}],"wp:attachment":[{"href":"https:\/\/www.hotelsantroc.info\/fr\/wp-json\/wp\/v2\/media?parent=12829"}],"curies":[{"name":"wp","href":"https:\/\/api.w.org\/{rel}","templated":true}]}}