{"id":12799,"date":"2016-05-26T14:30:19","date_gmt":"2016-05-26T14:30:19","guid":{"rendered":"https:\/\/www.hotelsantroc.info\/inforeservas-2\/"},"modified":"2016-06-13T14:11:23","modified_gmt":"2016-06-13T14:11:23","slug":"inforeservas","status":"publish","type":"page","link":"https:\/\/www.hotelsantroc.info\/fr\/inforeservas\/","title":{"rendered":"Info Reservas"},"content":{"rendered":"<p>* Pour toute r\u00e9servation, un d\u00e9p\u00f4t sera requis.<br \/>\n* L\u2019annulation d\u2019une r\u00e9servation plus de 15 jours de la date d\u2019arriv\u00e9e sera sans frais et le montant pay\u00e9 au titre sera rembours\u00e9.<br \/>\n* L\u2019annulation d\u2019une r\u00e9servation dans les 48 heures avant l\u2019arriv\u00e9e entra\u00eenera la perte de la somme vers\u00e9e sur le compte.<br \/>\n* En haute saison, l\u2019annulation d\u2019une r\u00e9servation dans un d\u00e9lai de quinze jours \u00e0 compter de la date d\u2019arriv\u00e9e signifie aussi la perte de la somme vers\u00e9e sur le compte.<br \/>\n* L\u2019abandon de l\u2019appartement avant la date indiqu\u00e9e dans la r\u00e9servation est factur\u00e9 \u00e0 40% du montant des services contractuels de gauche \u00e0 \u00eatre utilis\u00e9.<br \/>\n* En haute saison, l\u2019annulation d\u2019une r\u00e9servation dans les 5 jours avant l\u2019entr\u00e9e d\u00e9bitera la premi\u00e8re nuit de la r\u00e9servation.<\/p>\n","protected":false},"excerpt":{"rendered":"<p>* Pour toute r\u00e9servation, un d\u00e9p\u00f4t sera requis. * L\u2019annulation d\u2019une r\u00e9servation plus de 15 jours de la date d\u2019arriv\u00e9e sera sans frais et le montant pay\u00e9 au titre sera rembours\u00e9. * L\u2019annulation d\u2019une r\u00e9servation dans les 48 heures avant l\u2019arriv\u00e9e entra\u00eenera la perte de la somme vers\u00e9e sur le compte. * En haute saison,  [&#8230;]<\/p>\n","protected":false},"author":4,"featured_media":0,"parent":0,"menu_order":0,"comment_status":"open","ping_status":"closed","template":"","meta":{"footnotes":""},"class_list":["post-12799","page","type-page","status-publish","hentry"],"yoast_head":"<!-- This site is optimized with the Yoast SEO plugin v27.3 - https:\/\/yoast.com\/product\/yoast-seo-wordpress\/ -->\n<title>Info Reservas - Hotel Sant Roc de Camprodon<\/title>\n<meta name=\"robots\" content=\"index, follow, max-snippet:-1, max-image-preview:large, max-video-preview:-1\" \/>\n<link rel=\"canonical\" href=\"https:\/\/www.hotelsantroc.info\/inforeservas\/\" \/>\n<meta property=\"og:locale\" content=\"fr_FR\" \/>\n<meta property=\"og:type\" content=\"article\" \/>\n<meta property=\"og:title\" content=\"Info Reservas - Hotel Sant Roc de Camprodon\" \/>\n<meta property=\"og:description\" content=\"* Pour toute r\u00e9servation, un d\u00e9p\u00f4t sera requis. * L\u2019annulation d\u2019une r\u00e9servation plus de 15 jours de la date d\u2019arriv\u00e9e sera sans frais et le montant pay\u00e9 au titre sera rembours\u00e9. * L\u2019annulation d\u2019une r\u00e9servation dans les 48 heures avant l\u2019arriv\u00e9e entra\u00eenera la perte de la somme vers\u00e9e sur le compte. * En haute saison, [...]\" \/>\n<meta property=\"og:url\" content=\"https:\/\/www.hotelsantroc.info\/inforeservas\/\" \/>\n<meta property=\"og:site_name\" content=\"Hotel Sant Roc de Camprodon\" \/>\n<meta property=\"article:modified_time\" content=\"2016-06-13T14:11:23+00:00\" \/>\n<meta name=\"twitter:card\" content=\"summary_large_image\" \/>\n<meta name=\"twitter:label1\" content=\"Dur\u00e9e de lecture estim\u00e9e\" \/>\n\t<meta name=\"twitter:data1\" content=\"1 minute\" \/>\n<script type=\"application\/ld+json\" class=\"yoast-schema-graph\">{\"@context\":\"https:\\\/\\\/schema.org\",\"@graph\":[{\"@type\":\"WebPage\",\"@id\":\"https:\\\/\\\/www.hotelsantroc.info\\\/inforeservas\\\/\",\"url\":\"https:\\\/\\\/www.hotelsantroc.info\\\/inforeservas\\\/\",\"name\":\"Info Reservas - Hotel Sant Roc de Camprodon\",\"isPartOf\":{\"@id\":\"https:\\\/\\\/www.hotelsantroc.info\\\/#website\"},\"datePublished\":\"2016-05-26T14:30:19+00:00\",\"dateModified\":\"2016-06-13T14:11:23+00:00\",\"breadcrumb\":{\"@id\":\"https:\\\/\\\/www.hotelsantroc.info\\\/inforeservas\\\/#breadcrumb\"},\"inLanguage\":\"fr-FR\",\"potentialAction\":[{\"@type\":\"ReadAction\",\"target\":[\"https:\\\/\\\/www.hotelsantroc.info\\\/inforeservas\\\/\"]}]},{\"@type\":\"BreadcrumbList\",\"@id\":\"https:\\\/\\\/www.hotelsantroc.info\\\/inforeservas\\\/#breadcrumb\",\"itemListElement\":[{\"@type\":\"ListItem\",\"position\":1,\"name\":\"Inici\",\"item\":\"https:\\\/\\\/www.hotelsantroc.info\\\/fr\\\/\"},{\"@type\":\"ListItem\",\"position\":2,\"name\":\"Info Reservas\"}]},{\"@type\":\"WebSite\",\"@id\":\"https:\\\/\\\/www.hotelsantroc.info\\\/#website\",\"url\":\"https:\\\/\\\/www.hotelsantroc.info\\\/\",\"name\":\"Hotel Sant Roc de Camprodon\",\"description\":\"Hotel al centre de Camprodon\",\"potentialAction\":[{\"@type\":\"SearchAction\",\"target\":{\"@type\":\"EntryPoint\",\"urlTemplate\":\"https:\\\/\\\/www.hotelsantroc.info\\\/?s={search_term_string}\"},\"query-input\":{\"@type\":\"PropertyValueSpecification\",\"valueRequired\":true,\"valueName\":\"search_term_string\"}}],\"inLanguage\":\"fr-FR\"}]}<\/script>\n<!-- \/ Yoast SEO plugin. -->","yoast_head_json":{"title":"Info Reservas - Hotel Sant Roc de Camprodon","robots":{"index":"index","follow":"follow","max-snippet":"max-snippet:-1","max-image-preview":"max-image-preview:large","max-video-preview":"max-video-preview:-1"},"canonical":"https:\/\/www.hotelsantroc.info\/inforeservas\/","og_locale":"fr_FR","og_type":"article","og_title":"Info Reservas - Hotel Sant Roc de Camprodon","og_description":"* Pour toute r\u00e9servation, un d\u00e9p\u00f4t sera requis. * L\u2019annulation d\u2019une r\u00e9servation plus de 15 jours de la date d\u2019arriv\u00e9e sera sans frais et le montant pay\u00e9 au titre sera rembours\u00e9. * L\u2019annulation d\u2019une r\u00e9servation dans les 48 heures avant l\u2019arriv\u00e9e entra\u00eenera la perte de la somme vers\u00e9e sur le compte. * En haute saison, [...]","og_url":"https:\/\/www.hotelsantroc.info\/inforeservas\/","og_site_name":"Hotel Sant Roc de Camprodon","article_modified_time":"2016-06-13T14:11:23+00:00","twitter_card":"summary_large_image","twitter_misc":{"Dur\u00e9e de lecture estim\u00e9e":"1 minute"},"schema":{"@context":"https:\/\/schema.org","@graph":[{"@type":"WebPage","@id":"https:\/\/www.hotelsantroc.info\/inforeservas\/","url":"https:\/\/www.hotelsantroc.info\/inforeservas\/","name":"Info Reservas - Hotel Sant Roc de Camprodon","isPartOf":{"@id":"https:\/\/www.hotelsantroc.info\/#website"},"datePublished":"2016-05-26T14:30:19+00:00","dateModified":"2016-06-13T14:11:23+00:00","breadcrumb":{"@id":"https:\/\/www.hotelsantroc.info\/inforeservas\/#breadcrumb"},"inLanguage":"fr-FR","potentialAction":[{"@type":"ReadAction","target":["https:\/\/www.hotelsantroc.info\/inforeservas\/"]}]},{"@type":"BreadcrumbList","@id":"https:\/\/www.hotelsantroc.info\/inforeservas\/#breadcrumb","itemListElement":[{"@type":"ListItem","position":1,"name":"Inici","item":"https:\/\/www.hotelsantroc.info\/fr\/"},{"@type":"ListItem","position":2,"name":"Info Reservas"}]},{"@type":"WebSite","@id":"https:\/\/www.hotelsantroc.info\/#website","url":"https:\/\/www.hotelsantroc.info\/","name":"Hotel Sant Roc de Camprodon","description":"Hotel al centre de Camprodon","potentialAction":[{"@type":"SearchAction","target":{"@type":"EntryPoint","urlTemplate":"https:\/\/www.hotelsantroc.info\/?s={search_term_string}"},"query-input":{"@type":"PropertyValueSpecification","valueRequired":true,"valueName":"search_term_string"}}],"inLanguage":"fr-FR"}]}},"_links":{"self":[{"href":"https:\/\/www.hotelsantroc.info\/fr\/wp-json\/wp\/v2\/pages\/12799","targetHints":{"allow":["GET"]}}],"collection":[{"href":"https:\/\/www.hotelsantroc.info\/fr\/wp-json\/wp\/v2\/pages"}],"about":[{"href":"https:\/\/www.hotelsantroc.info\/fr\/wp-json\/wp\/v2\/types\/page"}],"author":[{"embeddable":true,"href":"https:\/\/www.hotelsantroc.info\/fr\/wp-json\/wp\/v2\/users\/4"}],"replies":[{"embeddable":true,"href":"https:\/\/www.hotelsantroc.info\/fr\/wp-json\/wp\/v2\/comments?post=12799"}],"version-history":[{"count":1,"href":"https:\/\/www.hotelsantroc.info\/fr\/wp-json\/wp\/v2\/pages\/12799\/revisions"}],"predecessor-version":[{"id":12838,"href":"https:\/\/www.hotelsantroc.info\/fr\/wp-json\/wp\/v2\/pages\/12799\/revisions\/12838"}],"wp:attachment":[{"href":"https:\/\/www.hotelsantroc.info\/fr\/wp-json\/wp\/v2\/media?parent=12799"}],"curies":[{"name":"wp","href":"https:\/\/api.w.org\/{rel}","templated":true}]}}