{"id":12761,"date":"2016-05-26T14:30:19","date_gmt":"2016-05-26T14:30:19","guid":{"rendered":"https:\/\/www.hotelsantroc.info\/inforeserves-2\/"},"modified":"2016-06-10T15:01:18","modified_gmt":"2016-06-10T15:01:18","slug":"inforeservas","status":"publish","type":"page","link":"https:\/\/www.hotelsantroc.info\/es\/inforeservas\/","title":{"rendered":"Info Reservas"},"content":{"rendered":"<p>* Para cualquier reserva se pedir\u00e1 una paga y se\u00f1al.<br \/>\n* La anulaci\u00f3n de una reserva a m\u00e1s de 15 d\u00edas de la fecha de llegada no tendr\u00e1 ning\u00fan coste adicional y se devolver\u00e1 el importe entregado a cuenta.<br \/>\n* La anulaci\u00f3n de una reserva dentro de las 48 horas anteriores a la llegada supondr\u00e1 la p\u00e9rdida de la cantidad entregada a cuenta.<br \/>\n* En temporada alta, la anulaci\u00f3n de una reserva a menos de quince d\u00edas de la fecha de llegada tambi\u00e9n supondr\u00e1 la p\u00e9rdida de la cantidad entregada a cuenta.<br \/>\n* El abandono de la habitaci\u00f3n antes de la fecha prevista en la reserva tiene un coste del 40% del importe de los servicios contratados que queden por utilizar.<br \/>\n* En temporada alta, la cancelaci\u00f3n de una reserva dentro de los 5 d\u00edas anteriores a la entrada supondr\u00e1 el cargo de la primera noche de la reserva.<\/p>\n","protected":false},"excerpt":{"rendered":"<p>* Para cualquier reserva se pedir\u00e1 una paga y se\u00f1al. * La anulaci\u00f3n de una reserva a m\u00e1s de 15 d\u00edas de la fecha de llegada no tendr\u00e1 ning\u00fan coste adicional y se devolver\u00e1 el importe entregado a cuenta. * La anulaci\u00f3n de una reserva dentro de las 48 horas anteriores a la llegada supondr\u00e1  [&#8230;]<\/p>\n","protected":false},"author":4,"featured_media":0,"parent":0,"menu_order":0,"comment_status":"open","ping_status":"closed","template":"","meta":{"footnotes":""},"class_list":["post-12761","page","type-page","status-publish","hentry"],"yoast_head":"<!-- This site is optimized with the Yoast SEO plugin v27.3 - https:\/\/yoast.com\/product\/yoast-seo-wordpress\/ -->\n<title>Info Reservas - Hotel Sant Roc de Camprodon<\/title>\n<meta name=\"robots\" content=\"index, follow, max-snippet:-1, max-image-preview:large, max-video-preview:-1\" \/>\n<link rel=\"canonical\" href=\"https:\/\/www.hotelsantroc.info\/inforeservas\/\" \/>\n<meta property=\"og:locale\" content=\"es_ES\" \/>\n<meta property=\"og:type\" content=\"article\" \/>\n<meta property=\"og:title\" content=\"Info Reservas - Hotel Sant Roc de Camprodon\" \/>\n<meta property=\"og:description\" content=\"* Para cualquier reserva se pedir\u00e1 una paga y se\u00f1al. * La anulaci\u00f3n de una reserva a m\u00e1s de 15 d\u00edas de la fecha de llegada no tendr\u00e1 ning\u00fan coste adicional y se devolver\u00e1 el importe entregado a cuenta. * La anulaci\u00f3n de una reserva dentro de las 48 horas anteriores a la llegada supondr\u00e1 [...]\" \/>\n<meta property=\"og:url\" content=\"https:\/\/www.hotelsantroc.info\/inforeservas\/\" \/>\n<meta property=\"og:site_name\" content=\"Hotel Sant Roc de Camprodon\" \/>\n<meta property=\"article:modified_time\" content=\"2016-06-10T15:01:18+00:00\" \/>\n<meta name=\"twitter:card\" content=\"summary_large_image\" \/>\n<meta name=\"twitter:label1\" content=\"Tiempo de lectura\" \/>\n\t<meta name=\"twitter:data1\" content=\"1 minuto\" \/>\n<script type=\"application\/ld+json\" class=\"yoast-schema-graph\">{\"@context\":\"https:\\\/\\\/schema.org\",\"@graph\":[{\"@type\":\"WebPage\",\"@id\":\"https:\\\/\\\/www.hotelsantroc.info\\\/inforeservas\\\/\",\"url\":\"https:\\\/\\\/www.hotelsantroc.info\\\/inforeservas\\\/\",\"name\":\"Info Reservas - Hotel Sant Roc de Camprodon\",\"isPartOf\":{\"@id\":\"https:\\\/\\\/www.hotelsantroc.info\\\/#website\"},\"datePublished\":\"2016-05-26T14:30:19+00:00\",\"dateModified\":\"2016-06-10T15:01:18+00:00\",\"breadcrumb\":{\"@id\":\"https:\\\/\\\/www.hotelsantroc.info\\\/inforeservas\\\/#breadcrumb\"},\"inLanguage\":\"es\",\"potentialAction\":[{\"@type\":\"ReadAction\",\"target\":[\"https:\\\/\\\/www.hotelsantroc.info\\\/inforeservas\\\/\"]}]},{\"@type\":\"BreadcrumbList\",\"@id\":\"https:\\\/\\\/www.hotelsantroc.info\\\/inforeservas\\\/#breadcrumb\",\"itemListElement\":[{\"@type\":\"ListItem\",\"position\":1,\"name\":\"Inici\",\"item\":\"https:\\\/\\\/www.hotelsantroc.info\\\/es\\\/\"},{\"@type\":\"ListItem\",\"position\":2,\"name\":\"Info Reservas\"}]},{\"@type\":\"WebSite\",\"@id\":\"https:\\\/\\\/www.hotelsantroc.info\\\/#website\",\"url\":\"https:\\\/\\\/www.hotelsantroc.info\\\/\",\"name\":\"Hotel Sant Roc de Camprodon\",\"description\":\"Hotel al centre de Camprodon\",\"potentialAction\":[{\"@type\":\"SearchAction\",\"target\":{\"@type\":\"EntryPoint\",\"urlTemplate\":\"https:\\\/\\\/www.hotelsantroc.info\\\/?s={search_term_string}\"},\"query-input\":{\"@type\":\"PropertyValueSpecification\",\"valueRequired\":true,\"valueName\":\"search_term_string\"}}],\"inLanguage\":\"es\"}]}<\/script>\n<!-- \/ Yoast SEO plugin. -->","yoast_head_json":{"title":"Info Reservas - Hotel Sant Roc de Camprodon","robots":{"index":"index","follow":"follow","max-snippet":"max-snippet:-1","max-image-preview":"max-image-preview:large","max-video-preview":"max-video-preview:-1"},"canonical":"https:\/\/www.hotelsantroc.info\/inforeservas\/","og_locale":"es_ES","og_type":"article","og_title":"Info Reservas - Hotel Sant Roc de Camprodon","og_description":"* Para cualquier reserva se pedir\u00e1 una paga y se\u00f1al. * La anulaci\u00f3n de una reserva a m\u00e1s de 15 d\u00edas de la fecha de llegada no tendr\u00e1 ning\u00fan coste adicional y se devolver\u00e1 el importe entregado a cuenta. * La anulaci\u00f3n de una reserva dentro de las 48 horas anteriores a la llegada supondr\u00e1 [...]","og_url":"https:\/\/www.hotelsantroc.info\/inforeservas\/","og_site_name":"Hotel Sant Roc de Camprodon","article_modified_time":"2016-06-10T15:01:18+00:00","twitter_card":"summary_large_image","twitter_misc":{"Tiempo de lectura":"1 minuto"},"schema":{"@context":"https:\/\/schema.org","@graph":[{"@type":"WebPage","@id":"https:\/\/www.hotelsantroc.info\/inforeservas\/","url":"https:\/\/www.hotelsantroc.info\/inforeservas\/","name":"Info Reservas - Hotel Sant Roc de Camprodon","isPartOf":{"@id":"https:\/\/www.hotelsantroc.info\/#website"},"datePublished":"2016-05-26T14:30:19+00:00","dateModified":"2016-06-10T15:01:18+00:00","breadcrumb":{"@id":"https:\/\/www.hotelsantroc.info\/inforeservas\/#breadcrumb"},"inLanguage":"es","potentialAction":[{"@type":"ReadAction","target":["https:\/\/www.hotelsantroc.info\/inforeservas\/"]}]},{"@type":"BreadcrumbList","@id":"https:\/\/www.hotelsantroc.info\/inforeservas\/#breadcrumb","itemListElement":[{"@type":"ListItem","position":1,"name":"Inici","item":"https:\/\/www.hotelsantroc.info\/es\/"},{"@type":"ListItem","position":2,"name":"Info Reservas"}]},{"@type":"WebSite","@id":"https:\/\/www.hotelsantroc.info\/#website","url":"https:\/\/www.hotelsantroc.info\/","name":"Hotel Sant Roc de Camprodon","description":"Hotel al centre de Camprodon","potentialAction":[{"@type":"SearchAction","target":{"@type":"EntryPoint","urlTemplate":"https:\/\/www.hotelsantroc.info\/?s={search_term_string}"},"query-input":{"@type":"PropertyValueSpecification","valueRequired":true,"valueName":"search_term_string"}}],"inLanguage":"es"}]}},"_links":{"self":[{"href":"https:\/\/www.hotelsantroc.info\/es\/wp-json\/wp\/v2\/pages\/12761","targetHints":{"allow":["GET"]}}],"collection":[{"href":"https:\/\/www.hotelsantroc.info\/es\/wp-json\/wp\/v2\/pages"}],"about":[{"href":"https:\/\/www.hotelsantroc.info\/es\/wp-json\/wp\/v2\/types\/page"}],"author":[{"embeddable":true,"href":"https:\/\/www.hotelsantroc.info\/es\/wp-json\/wp\/v2\/users\/4"}],"replies":[{"embeddable":true,"href":"https:\/\/www.hotelsantroc.info\/es\/wp-json\/wp\/v2\/comments?post=12761"}],"version-history":[{"count":1,"href":"https:\/\/www.hotelsantroc.info\/es\/wp-json\/wp\/v2\/pages\/12761\/revisions"}],"predecessor-version":[{"id":12778,"href":"https:\/\/www.hotelsantroc.info\/es\/wp-json\/wp\/v2\/pages\/12761\/revisions\/12778"}],"wp:attachment":[{"href":"https:\/\/www.hotelsantroc.info\/es\/wp-json\/wp\/v2\/media?parent=12761"}],"curies":[{"name":"wp","href":"https:\/\/api.w.org\/{rel}","templated":true}]}}